{"id":758,"date":"2018-09-13T04:09:35","date_gmt":"2018-09-13T04:09:35","guid":{"rendered":"https:\/\/smartdata.tonytemplates.com\/wokiee\/?page_id=758"},"modified":"2025-01-23T22:51:23","modified_gmt":"2025-01-23T22:51:23","slug":"anasayfa","status":"publish","type":"page","link":"https:\/\/sanpetoil.com.tr\/","title":{"rendered":"Anasayfa"},"content":{"rendered":"\t\t<div data-elementor-type=\"wp-post\" data-elementor-id=\"758\" class=\"elementor elementor-758\">\n\t\t\t\t<div class=\"elementor-element elementor-element-da4712f e-flex e-con-boxed e-con e-parent\" data-id=\"da4712f\" data-element_type=\"container\">\n\t\t\t\t\t<div class=\"e-con-inner\">\n\t\t\t\t<div class=\"elementor-element elementor-element-15c7475 elementor-widget elementor-widget-shortcode\" data-id=\"15c7475\" data-element_type=\"widget\" data-widget_type=\"shortcode.default\">\n\t\t\t\t<div class=\"elementor-widget-container\">\n\t\t\t\t\t\t\t<div class=\"elementor-shortcode\"><\/div>\n\t\t\t\t\t\t<\/div>\n\t\t\t\t<\/div>\n\t\t\t\t\t<\/div>\n\t\t\t\t<\/div>\n\t\t\t\t<section class=\"elementor-section elementor-top-section elementor-element elementor-element-32004b9 elementor-section-boxed elementor-section-height-default elementor-section-height-default\" data-id=\"32004b9\" data-element_type=\"section\">\n\t\t\t\t\t\t<div class=\"elementor-container elementor-column-gap-default\">\n\t\t\t\t\t<div class=\"elementor-column elementor-col-50 elementor-top-column elementor-element elementor-element-4e3ba9a\" data-id=\"4e3ba9a\" data-element_type=\"column\">\n\t\t\t<div class=\"elementor-widget-wrap elementor-element-populated\">\n\t\t\t\t\t\t<div class=\"elementor-element elementor-element-658495b tt-title elementor-widget elementor-widget-heading\" data-id=\"658495b\" data-element_type=\"widget\" data-widget_type=\"heading.default\">\n\t\t\t\t<div class=\"elementor-widget-container\">\n\t\t\t\t\t<h3 class=\"elementor-heading-title elementor-size-default\">SANPET<\/h3>\t\t\t\t<\/div>\n\t\t\t\t<\/div>\n\t\t\t\t<div class=\"elementor-element elementor-element-894cb41 elementor-widget elementor-widget-text-editor\" data-id=\"894cb41\" data-element_type=\"widget\" data-widget_type=\"text-editor.default\">\n\t\t\t\t<div class=\"elementor-widget-container\">\n\t\t\t\t\t\t\t\t\t<p>Olarak, Otomotiv Ve End\u00fcstriyel Sekt\u00f6rlere Y\u00f6nelik Y\u00fcksek Kaliteli Ya\u011flar, Hava Filtreleri, Ya\u011f Filtreleri, Antifriz S\u0131v\u0131lar\u0131 Ve S\u0131v\u0131 So\u011futma \u00c7\u00f6z\u00fcmleri Sunuyoruz. M\u00fc\u015fterilerimizin \u0130htiya\u00e7lar\u0131na En Uygun \u00dcr\u00fcnleri, \u00dcst\u00fcn Teknolojiyle \u00dcretim Yapan G\u00fcvenilir Tedarik\u00e7ilerden Temin Ediyoruz. Hem End\u00fcstriyel Makineler Hem De Otomobiller \u0130\u00e7in Performans\u0131 Art\u0131ran Ve Verimlili\u011fi Sa\u011flayan \u00c7\u00f6z\u00fcmlerle, Sekt\u00f6r\u00fcm\u00fczdeki G\u00fcvenilir \u0130\u015f Orta\u011f\u0131n\u0131z Olmaktan Gurur Duyuyoruz.<\/p>\t\t\t\t\t\t\t\t<\/div>\n\t\t\t\t<\/div>\n\t\t\t\t\t<\/div>\n\t\t<\/div>\n\t\t\t\t<div class=\"elementor-column elementor-col-50 elementor-top-column elementor-element elementor-element-b6b58ac\" data-id=\"b6b58ac\" data-element_type=\"column\">\n\t\t\t<div class=\"elementor-widget-wrap elementor-element-populated\">\n\t\t\t\t\t\t<div class=\"elementor-element elementor-element-f897b8a tt-title elementor-widget elementor-widget-heading\" data-id=\"f897b8a\" data-element_type=\"widget\" data-widget_type=\"heading.default\">\n\t\t\t\t<div class=\"elementor-widget-container\">\n\t\t\t\t\t<h3 class=\"elementor-heading-title elementor-size-default\">B\u0130ZE ULA\u015eIN<\/h3>\t\t\t\t<\/div>\n\t\t\t\t<\/div>\n\t\t\t\t<div class=\"elementor-element elementor-element-0fc2b4c elementor-widget elementor-widget-text-editor\" data-id=\"0fc2b4c\" data-element_type=\"widget\" data-widget_type=\"text-editor.default\">\n\t\t\t\t<div class=\"elementor-widget-container\">\n\t\t\t\t\t\t\t\t\t<div class=\"tt-box-info\"><p><strong><span class=\"color-def-dark\">Adres:<\/span>\u00a0Sultan Orhan Mahallesi Eski Ba\u011fdat Caddesi No:40 Gebze \/ Kocaeli<\/strong><\/p><p><strong><span style=\"color: #191919;\">Telefon: +90 532 455 35 10<\/span><\/strong><\/p><p><strong><span class=\"color-def-dark\">Mail:<\/span>\u00a0info@sanpetoil.com.tr<\/strong><\/p><\/div>\t\t\t\t\t\t\t\t<\/div>\n\t\t\t\t<\/div>\n\t\t\t\t\t<\/div>\n\t\t<\/div>\n\t\t\t\t\t<\/div>\n\t\t<\/section>\n\t\t<div class=\"elementor-element elementor-element-58f48ea e-grid e-con-boxed e-con e-parent\" data-id=\"58f48ea\" data-element_type=\"container\">\n\t\t\t\t\t<div class=\"e-con-inner\">\n\t\t\t\t<div class=\"elementor-element elementor-element-46ef3a0 elementor-widget elementor-widget-image\" data-id=\"46ef3a0\" data-element_type=\"widget\" data-widget_type=\"image.default\">\n\t\t\t\t<div class=\"elementor-widget-container\">\n\t\t\t\t\t\t\t\t\t\t\t\t<figure class=\"wp-caption\">\n\t\t\t\t\t\t\t\t\t\t\t<a href=\"https:\/\/sanpetoil.com.tr\/?page_id=7716\">\n\t\t\t\t\t\t\t<img fetchpriority=\"high\" decoding=\"async\" width=\"300\" height=\"225\" src=\"https:\/\/sanpetoil.com.tr\/wp-content\/uploads\/2025\/01\/32009f99-8d27-4238-9c94-c71f1c1111d3-300x225.jpg\" class=\"attachment-medium size-medium wp-image-7626\" alt=\"\" srcset=\"https:\/\/sanpetoil.com.tr\/wp-content\/uploads\/2025\/01\/32009f99-8d27-4238-9c94-c71f1c1111d3-300x225.jpg 300w, https:\/\/sanpetoil.com.tr\/wp-content\/uploads\/2025\/01\/32009f99-8d27-4238-9c94-c71f1c1111d3-600x450.jpg 600w, https:\/\/sanpetoil.com.tr\/wp-content\/uploads\/2025\/01\/32009f99-8d27-4238-9c94-c71f1c1111d3-768x576.jpg 768w, https:\/\/sanpetoil.com.tr\/wp-content\/uploads\/2025\/01\/32009f99-8d27-4238-9c94-c71f1c1111d3.jpg 980w\" sizes=\"(max-width: 300px) 100vw, 300px\" \/>\t\t\t\t\t\t\t\t<\/a>\n\t\t\t\t\t\t\t\t\t\t\t<figcaption class=\"widget-image-caption wp-caption-text\">SO\u011eUTMA SIVILARI<\/figcaption>\n\t\t\t\t\t\t\t\t\t\t<\/figure>\n\t\t\t\t\t\t\t\t\t<\/div>\n\t\t\t\t<\/div>\n\t\t\t\t<div class=\"elementor-element elementor-element-63a24ba elementor-widget elementor-widget-image\" data-id=\"63a24ba\" data-element_type=\"widget\" data-widget_type=\"image.default\">\n\t\t\t\t<div class=\"elementor-widget-container\">\n\t\t\t\t\t\t\t\t\t\t\t\t<figure class=\"wp-caption\">\n\t\t\t\t\t\t\t\t\t\t\t<a href=\"https:\/\/sanpetoil.com.tr\/?page_id=7702\">\n\t\t\t\t\t\t\t<img decoding=\"async\" width=\"300\" height=\"225\" src=\"https:\/\/sanpetoil.com.tr\/wp-content\/uploads\/2025\/01\/2-1-300x225.jpg\" class=\"attachment-medium size-medium wp-image-7628\" alt=\"\" srcset=\"https:\/\/sanpetoil.com.tr\/wp-content\/uploads\/2025\/01\/2-1-300x225.jpg 300w, https:\/\/sanpetoil.com.tr\/wp-content\/uploads\/2025\/01\/2-1-600x450.jpg 600w, https:\/\/sanpetoil.com.tr\/wp-content\/uploads\/2025\/01\/2-1-768x576.jpg 768w, https:\/\/sanpetoil.com.tr\/wp-content\/uploads\/2025\/01\/2-1.jpg 980w\" sizes=\"(max-width: 300px) 100vw, 300px\" \/>\t\t\t\t\t\t\t\t<\/a>\n\t\t\t\t\t\t\t\t\t\t\t<figcaption class=\"widget-image-caption wp-caption-text\">YA\u011e VE HAVA F\u0130LTRES\u0130<\/figcaption>\n\t\t\t\t\t\t\t\t\t\t<\/figure>\n\t\t\t\t\t\t\t\t\t<\/div>\n\t\t\t\t<\/div>\n\t\t\t\t<div class=\"elementor-element elementor-element-73f661d elementor-widget elementor-widget-image\" data-id=\"73f661d\" data-element_type=\"widget\" data-widget_type=\"image.default\">\n\t\t\t\t<div class=\"elementor-widget-container\">\n\t\t\t\t\t\t\t\t\t\t\t\t<figure class=\"wp-caption\">\n\t\t\t\t\t\t\t\t\t\t\t<a href=\"https:\/\/sanpetoil.com.tr\/?page_id=7688\">\n\t\t\t\t\t\t\t<img decoding=\"async\" width=\"300\" height=\"225\" src=\"https:\/\/sanpetoil.com.tr\/wp-content\/uploads\/2025\/01\/3-1-300x225.jpg\" class=\"attachment-medium size-medium wp-image-7629\" alt=\"\" srcset=\"https:\/\/sanpetoil.com.tr\/wp-content\/uploads\/2025\/01\/3-1-300x225.jpg 300w, https:\/\/sanpetoil.com.tr\/wp-content\/uploads\/2025\/01\/3-1-600x450.jpg 600w, https:\/\/sanpetoil.com.tr\/wp-content\/uploads\/2025\/01\/3-1-768x576.jpg 768w, https:\/\/sanpetoil.com.tr\/wp-content\/uploads\/2025\/01\/3-1.jpg 980w\" sizes=\"(max-width: 300px) 100vw, 300px\" \/>\t\t\t\t\t\t\t\t<\/a>\n\t\t\t\t\t\t\t\t\t\t\t<figcaption class=\"widget-image-caption wp-caption-text\">OTOMOT\u0130V YA\u011eI<\/figcaption>\n\t\t\t\t\t\t\t\t\t\t<\/figure>\n\t\t\t\t\t\t\t\t\t<\/div>\n\t\t\t\t<\/div>\n\t\t\t\t<div class=\"elementor-element elementor-element-67ed66c elementor-widget elementor-widget-image\" data-id=\"67ed66c\" data-element_type=\"widget\" data-widget_type=\"image.default\">\n\t\t\t\t<div class=\"elementor-widget-container\">\n\t\t\t\t\t\t\t\t\t\t\t\t<figure class=\"wp-caption\">\n\t\t\t\t\t\t\t\t\t\t\t<a href=\"https:\/\/sanpetoil.com.tr\/?page_id=7708\">\n\t\t\t\t\t\t\t<img loading=\"lazy\" decoding=\"async\" width=\"300\" height=\"225\" src=\"https:\/\/sanpetoil.com.tr\/wp-content\/uploads\/2025\/01\/4-300x225.jpg\" class=\"attachment-medium size-medium wp-image-7630\" alt=\"\" srcset=\"https:\/\/sanpetoil.com.tr\/wp-content\/uploads\/2025\/01\/4-300x225.jpg 300w, https:\/\/sanpetoil.com.tr\/wp-content\/uploads\/2025\/01\/4-600x450.jpg 600w, https:\/\/sanpetoil.com.tr\/wp-content\/uploads\/2025\/01\/4-768x576.jpg 768w, https:\/\/sanpetoil.com.tr\/wp-content\/uploads\/2025\/01\/4.jpg 980w\" sizes=\"(max-width: 300px) 100vw, 300px\" \/>\t\t\t\t\t\t\t\t<\/a>\n\t\t\t\t\t\t\t\t\t\t\t<figcaption class=\"widget-image-caption wp-caption-text\">ANT\u0130FR\u0130Z<\/figcaption>\n\t\t\t\t\t\t\t\t\t\t<\/figure>\n\t\t\t\t\t\t\t\t\t<\/div>\n\t\t\t\t<\/div>\n\t\t\t\t\t<\/div>\n\t\t\t\t<\/div>\n\t\t<div class=\"elementor-element elementor-element-97d3e4c e-grid e-con-boxed e-con e-parent\" data-id=\"97d3e4c\" data-element_type=\"container\">\n\t\t\t\t\t<div class=\"e-con-inner\">\n\t\t\t\t<div class=\"elementor-element elementor-element-2e2a9ca elementor-widget elementor-widget-image\" data-id=\"2e2a9ca\" data-element_type=\"widget\" data-widget_type=\"image.default\">\n\t\t\t\t<div class=\"elementor-widget-container\">\n\t\t\t\t\t\t\t\t\t\t\t\t<figure class=\"wp-caption\">\n\t\t\t\t\t\t\t\t\t\t\t<a href=\"https:\/\/sanpetoil.com.tr\/?page_id=7741\">\n\t\t\t\t\t\t\t<img loading=\"lazy\" decoding=\"async\" width=\"300\" height=\"180\" src=\"https:\/\/sanpetoil.com.tr\/wp-content\/uploads\/2025\/01\/aku-k.banner-300x180.jpeg\" class=\"attachment-medium size-medium wp-image-7751\" alt=\"\" srcset=\"https:\/\/sanpetoil.com.tr\/wp-content\/uploads\/2025\/01\/aku-k.banner-300x180.jpeg 300w, https:\/\/sanpetoil.com.tr\/wp-content\/uploads\/2025\/01\/aku-k.banner-1024x614.jpeg 1024w, https:\/\/sanpetoil.com.tr\/wp-content\/uploads\/2025\/01\/aku-k.banner-768x461.jpeg 768w, https:\/\/sanpetoil.com.tr\/wp-content\/uploads\/2025\/01\/aku-k.banner-600x360.jpeg 600w, https:\/\/sanpetoil.com.tr\/wp-content\/uploads\/2025\/01\/aku-k.banner.jpeg 1470w\" sizes=\"(max-width: 300px) 100vw, 300px\" \/>\t\t\t\t\t\t\t\t<\/a>\n\t\t\t\t\t\t\t\t\t\t\t<figcaption class=\"widget-image-caption wp-caption-text\">AK\u00dc<\/figcaption>\n\t\t\t\t\t\t\t\t\t\t<\/figure>\n\t\t\t\t\t\t\t\t\t<\/div>\n\t\t\t\t<\/div>\n\t\t\t\t<div class=\"elementor-element elementor-element-e21c8b8 elementor-widget elementor-widget-image\" data-id=\"e21c8b8\" data-element_type=\"widget\" data-widget_type=\"image.default\">\n\t\t\t\t<div class=\"elementor-widget-container\">\n\t\t\t\t\t\t\t\t\t\t\t\t<figure class=\"wp-caption\">\n\t\t\t\t\t\t\t\t\t\t<img loading=\"lazy\" decoding=\"async\" width=\"300\" height=\"254\" src=\"https:\/\/sanpetoil.com.tr\/wp-content\/uploads\/2025\/01\/Lubrifiants-Industriels-2-300x254.jpeg\" class=\"attachment-medium size-medium wp-image-7754\" alt=\"\" srcset=\"https:\/\/sanpetoil.com.tr\/wp-content\/uploads\/2025\/01\/Lubrifiants-Industriels-2-300x254.jpeg 300w, https:\/\/sanpetoil.com.tr\/wp-content\/uploads\/2025\/01\/Lubrifiants-Industriels-2-1024x867.jpeg 1024w, https:\/\/sanpetoil.com.tr\/wp-content\/uploads\/2025\/01\/Lubrifiants-Industriels-2-768x650.jpeg 768w, https:\/\/sanpetoil.com.tr\/wp-content\/uploads\/2025\/01\/Lubrifiants-Industriels-2-600x508.jpeg 600w, https:\/\/sanpetoil.com.tr\/wp-content\/uploads\/2025\/01\/Lubrifiants-Industriels-2.jpeg 1472w\" sizes=\"(max-width: 300px) 100vw, 300px\" \/>\t\t\t\t\t\t\t\t\t\t\t<figcaption class=\"widget-image-caption wp-caption-text\">END\u00dcSTR\u0130YEL VE OTOMOT\u0130V GRESLER\u0130<\/figcaption>\n\t\t\t\t\t\t\t\t\t\t<\/figure>\n\t\t\t\t\t\t\t\t\t<\/div>\n\t\t\t\t<\/div>\n\t\t\t\t\t<\/div>\n\t\t\t\t<\/div>\n\t\t<div class=\"elementor-element elementor-element-a09fae6 e-flex e-con-boxed e-con e-parent\" data-id=\"a09fae6\" data-element_type=\"container\">\n\t\t\t\t\t<div class=\"e-con-inner\">\n\t\t\t\t<div class=\"elementor-element elementor-element-9d7712f elementor-widget-divider--view-line elementor-widget elementor-widget-divider\" data-id=\"9d7712f\" data-element_type=\"widget\" data-widget_type=\"divider.default\">\n\t\t\t\t<div class=\"elementor-widget-container\">\n\t\t\t\t\t\t\t<div class=\"elementor-divider\">\n\t\t\t<span class=\"elementor-divider-separator\">\n\t\t\t\t\t\t<\/span>\n\t\t<\/div>\n\t\t\t\t\t\t<\/div>\n\t\t\t\t<\/div>\n\t\t\t\t<div class=\"elementor-element elementor-element-9e0ee20 elementor-widget elementor-widget-heading\" data-id=\"9e0ee20\" data-element_type=\"widget\" data-widget_type=\"heading.default\">\n\t\t\t\t<div class=\"elementor-widget-container\">\n\t\t\t\t\t<h2 class=\"elementor-heading-title elementor-size-default\">MARKALAR<\/h2>\t\t\t\t<\/div>\n\t\t\t\t<\/div>\n\t\t\t\t\t<\/div>\n\t\t\t\t<\/div>\n\t\t<div class=\"elementor-element elementor-element-b1fd4c1 e-flex e-con-boxed e-con e-parent\" data-id=\"b1fd4c1\" data-element_type=\"container\">\n\t\t\t\t\t<div class=\"e-con-inner\">\n\t\t\t\t<div class=\"elementor-element elementor-element-2eda81a elementor-arrows-position-inside elementor-pagination-position-outside elementor-widget elementor-widget-image-carousel\" data-id=\"2eda81a\" data-element_type=\"widget\" data-settings=\"{&quot;navigation&quot;:&quot;both&quot;,&quot;autoplay&quot;:&quot;yes&quot;,&quot;pause_on_hover&quot;:&quot;yes&quot;,&quot;pause_on_interaction&quot;:&quot;yes&quot;,&quot;autoplay_speed&quot;:5000,&quot;infinite&quot;:&quot;yes&quot;,&quot;speed&quot;:500}\" data-widget_type=\"image-carousel.default\">\n\t\t\t\t<div class=\"elementor-widget-container\">\n\t\t\t\t\t\t\t<div class=\"elementor-image-carousel-wrapper swiper\" role=\"region\" aria-roledescription=\"carousel\" aria-label=\"Resim D\u00f6ng\u00fcs\u00fc\" dir=\"ltr\">\n\t\t\t<div class=\"elementor-image-carousel swiper-wrapper\" aria-live=\"off\">\n\t\t\t\t\t\t\t\t<div class=\"swiper-slide\" role=\"group\" aria-roledescription=\"slide\" aria-label=\"1 \/ 5\"><figure class=\"swiper-slide-inner\"><img decoding=\"async\" class=\"swiper-slide-image\" src=\"https:\/\/sanpetoil.com.tr\/wp-content\/uploads\/2025\/01\/5-1.png\" alt=\"5\" \/><\/figure><\/div><div class=\"swiper-slide\" role=\"group\" aria-roledescription=\"slide\" aria-label=\"2 \/ 5\"><figure class=\"swiper-slide-inner\"><img decoding=\"async\" class=\"swiper-slide-image\" src=\"https:\/\/sanpetoil.com.tr\/wp-content\/uploads\/2025\/01\/3-1.png\" alt=\"3\" \/><\/figure><\/div><div class=\"swiper-slide\" role=\"group\" aria-roledescription=\"slide\" aria-label=\"3 \/ 5\"><figure class=\"swiper-slide-inner\"><img decoding=\"async\" class=\"swiper-slide-image\" src=\"https:\/\/sanpetoil.com.tr\/wp-content\/uploads\/2025\/01\/4-1.png\" alt=\"4\" \/><\/figure><\/div><div class=\"swiper-slide\" role=\"group\" aria-roledescription=\"slide\" aria-label=\"4 \/ 5\"><figure class=\"swiper-slide-inner\"><img decoding=\"async\" class=\"swiper-slide-image\" src=\"https:\/\/sanpetoil.com.tr\/wp-content\/uploads\/2025\/01\/2-1.png\" alt=\"2\" \/><\/figure><\/div><div class=\"swiper-slide\" role=\"group\" aria-roledescription=\"slide\" aria-label=\"5 \/ 5\"><figure class=\"swiper-slide-inner\"><img decoding=\"async\" class=\"swiper-slide-image\" src=\"https:\/\/sanpetoil.com.tr\/wp-content\/uploads\/2025\/01\/1-1.png\" alt=\"1\" \/><\/figure><\/div>\t\t\t<\/div>\n\t\t\t\t\t\t\t\t\t\t\t\t<div class=\"elementor-swiper-button elementor-swiper-button-prev\" role=\"button\" tabindex=\"0\">\n\t\t\t\t\t\t<svg aria-hidden=\"true\" class=\"e-font-icon-svg e-eicon-chevron-left\" viewBox=\"0 0 1000 1000\" xmlns=\"http:\/\/www.w3.org\/2000\/svg\"><path d=\"M646 125C629 125 613 133 604 142L308 442C296 454 292 471 292 487 292 504 296 521 308 533L604 854C617 867 629 875 646 875 663 875 679 871 692 858 704 846 713 829 713 812 713 796 708 779 692 767L438 487 692 225C700 217 708 204 708 187 708 171 704 154 692 142 675 129 663 125 646 125Z\"><\/path><\/svg>\t\t\t\t\t<\/div>\n\t\t\t\t\t<div class=\"elementor-swiper-button elementor-swiper-button-next\" role=\"button\" tabindex=\"0\">\n\t\t\t\t\t\t<svg aria-hidden=\"true\" class=\"e-font-icon-svg e-eicon-chevron-right\" viewBox=\"0 0 1000 1000\" xmlns=\"http:\/\/www.w3.org\/2000\/svg\"><path d=\"M696 533C708 521 713 504 713 487 713 471 708 454 696 446L400 146C388 133 375 125 354 125 338 125 325 129 313 142 300 154 292 171 292 187 292 204 296 221 308 233L563 492 304 771C292 783 288 800 288 817 288 833 296 850 308 863 321 871 338 875 354 875 371 875 388 867 400 854L696 533Z\"><\/path><\/svg>\t\t\t\t\t<\/div>\n\t\t\t\t\n\t\t\t\t\t\t\t\t\t<div class=\"swiper-pagination\"><\/div>\n\t\t\t\t\t\t\t\t\t<\/div>\n\t\t\t\t\t\t<\/div>\n\t\t\t\t<\/div>\n\t\t\t\t\t<\/div>\n\t\t\t\t<\/div>\n\t\t\t\t<\/div>\n\t\t","protected":false},"excerpt":{"rendered":"<p>SANPET Olarak, Otomotiv Ve End\u00fcstriyel Sekt\u00f6rlere Y\u00f6nelik Y\u00fcksek Kaliteli Ya\u011flar, Hava Filtreleri, Ya\u011f Filtreleri, Antifriz S\u0131v\u0131lar\u0131 Ve S\u0131v\u0131 So\u011futma \u00c7\u00f6z\u00fcmleri Sunuyoruz. M\u00fc\u015fterilerimizin \u0130htiya\u00e7lar\u0131na En Uygun \u00dcr\u00fcnleri, \u00dcst\u00fcn Teknolojiyle \u00dcretim Yapan G\u00fcvenilir Tedarik\u00e7ilerden Temin Ediyoruz. Hem End\u00fcstriyel Makineler Hem De Otomobiller \u0130\u00e7in Performans\u0131 Art\u0131ran Ve Verimlili\u011fi Sa\u011flayan \u00c7\u00f6z\u00fcmlerle, Sekt\u00f6r\u00fcm\u00fczdeki G\u00fcvenilir \u0130\u015f Orta\u011f\u0131n\u0131z Olmaktan Gurur Duyuyoruz. B\u0130ZE [&hellip;]<\/p>\n","protected":false},"author":1,"featured_media":0,"parent":0,"menu_order":0,"comment_status":"closed","ping_status":"closed","template":"","meta":{"footnotes":""},"class_list":["post-758","page","type-page","status-publish","hentry"],"_links":{"self":[{"href":"https:\/\/sanpetoil.com.tr\/index.php?rest_route=\/wp\/v2\/pages\/758","targetHints":{"allow":["GET"]}}],"collection":[{"href":"https:\/\/sanpetoil.com.tr\/index.php?rest_route=\/wp\/v2\/pages"}],"about":[{"href":"https:\/\/sanpetoil.com.tr\/index.php?rest_route=\/wp\/v2\/types\/page"}],"author":[{"embeddable":true,"href":"https:\/\/sanpetoil.com.tr\/index.php?rest_route=\/wp\/v2\/users\/1"}],"replies":[{"embeddable":true,"href":"https:\/\/sanpetoil.com.tr\/index.php?rest_route=%2Fwp%2Fv2%2Fcomments&post=758"}],"version-history":[{"count":46,"href":"https:\/\/sanpetoil.com.tr\/index.php?rest_route=\/wp\/v2\/pages\/758\/revisions"}],"predecessor-version":[{"id":7793,"href":"https:\/\/sanpetoil.com.tr\/index.php?rest_route=\/wp\/v2\/pages\/758\/revisions\/7793"}],"wp:attachment":[{"href":"https:\/\/sanpetoil.com.tr\/index.php?rest_route=%2Fwp%2Fv2%2Fmedia&parent=758"}],"curies":[{"name":"wp","href":"https:\/\/api.w.org\/{rel}","templated":true}]}}